{"id":16,"date":"2024-03-19T15:51:21","date_gmt":"2024-03-19T15:51:21","guid":{"rendered":"https:\/\/cannabuben-clothing.com\/?page_id=16"},"modified":"2024-03-22T20:28:14","modified_gmt":"2024-03-22T20:28:14","slug":"refund_returns","status":"publish","type":"page","link":"https:\/\/cannabuben-clothing.com\/index.php\/refund_returns\/","title":{"rendered":"R\u00fcckerstattungs- und R\u00fcckgabebedingungen"},"content":{"rendered":"\r\n<p>&nbsp;<\/p>\r\n<p><strong>\u00dcberblick<\/strong><\/p>\r\n<p>Unsere R\u00fcckerstattungs- und R\u00fcckgaberichtlinie gilt f\u00fcr 30 Tage. Wenn seit Ihrem Kauf 30 Tage vergangen sind, k\u00f6nnen wir Ihnen keine vollst\u00e4ndige R\u00fcckerstattung oder keinen Umtausch anbieten.<\/p>\r\n<p>Um Anspruch auf eine R\u00fcckgabe zu haben, muss Ihr Artikel unbenutzt und in demselben Zustand sein, in dem Sie ihn erhalten haben. Es muss au\u00dferdem in der Originalverpackung sein.<\/p>\r\n<p>Bestimmte Warenarten sind von der R\u00fcckgabe ausgenommen. Verderbliche Waren wie Lebensmittel, Blumen, Zeitungen oder Zeitschriften k\u00f6nnen nicht zur\u00fcckgegeben werden. Wir akzeptieren auch keine Produkte, bei denen es sich um Intim- oder Hygieneartikel, gef\u00e4hrliche Materialien oder brennbare Fl\u00fcssigkeiten oder Gase handelt.<\/p>\r\n<p><strong>Weitere vom Umtausch ausgeschlossene Artikel:<\/strong><\/p>\r\n<p>Geschenkkarten<br \/>Herunterladbare Softwareprodukte<br \/>Einige Gesundheits- und K\u00f6rperpflegeartikel<\/p>\r\n<p>Um Ihre R\u00fccksendung abzuschlie\u00dfen, ben\u00f6tigen wir eine Quittung oder einen Kaufbeleg.<\/p>\r\n<p>Bitte senden Sie Ihren Kauf nicht an den Hersteller zur\u00fcck.<\/p>\r\n<p>Es gibt bestimmte Situationen, in denen nur teilweise R\u00fcckerstattungen gew\u00e4hrt werden:<\/p>\r\n<p>Buch mit deutlichen Gebrauchsspuren<br \/>Ge\u00f6ffnete CD, DVD, VHS-Kassette, Software, Videospiel, Kassette oder Schallplatte.<br \/>Jeder Artikel befindet sich nicht im Originalzustand, ist besch\u00e4digt oder es fehlen Teile aus Gr\u00fcnden, die nicht auf unser Verschulden zur\u00fcckzuf\u00fchren sind.<br \/>Jeder Artikel, der mehr als 30 Tage nach der Lieferung zur\u00fcckgegeben wird<br \/>R\u00fcckerstattungen<\/p>\r\n<p>Sobald Ihre R\u00fccksendung eingegangen und gepr\u00fcft ist, senden wir Ihnen eine E-Mail, um Sie dar\u00fcber zu informieren, dass wir Ihren zur\u00fcckgegebenen Artikel erhalten haben. Wir werden Sie auch \u00fcber die Genehmigung oder Ablehnung Ihrer R\u00fcckerstattung informieren.<\/p>\r\n<p>Wenn Ihre Genehmigung erteilt wird, wird Ihre R\u00fcckerstattung bearbeitet und innerhalb einer bestimmten Anzahl von Tagen automatisch eine Gutschrift auf Ihre Kreditkarte oder die urspr\u00fcngliche Zahlungsmethode vorgenommen.<\/p>\r\n<p>Versp\u00e4tete oder fehlende R\u00fcckerstattungen<\/p>\r\n<p>Wenn Sie noch keine R\u00fcckerstattung erhalten haben, \u00fcberpr\u00fcfen Sie zun\u00e4chst noch einmal Ihr Bankkonto.<\/p>\r\n<p>Wenden Sie sich dann an Ihr Kreditkartenunternehmen. Es kann einige Zeit dauern, bis Ihre R\u00fcckerstattung offiziell gebucht wird.<\/p>\r\n<p>Kontaktieren Sie als n\u00e4chstes Ihre Bank. Es dauert oft etwas Bearbeitungszeit, bis eine R\u00fcckerstattung gebucht wird.<\/p>\r\n<p>Wenn Sie dies alles getan haben und Ihre R\u00fcckerstattung noch immer nicht erhalten haben, kontaktieren Sie uns bitte unter {E-Mail-Adresse}.<\/p>\r\n<p>Ausverkaufsartikel<\/p>\r\n<p>Es k\u00f6nnen nur Artikel zum regul\u00e4ren Preis erstattet werden. Ausverkaufte Artikel k\u00f6nnen nicht erstattet werden.<\/p>\r\n<p>Austausch<\/p>\r\n<p>Wir ersetzen Artikel nur, wenn sie defekt oder besch\u00e4digt sind. Wenn Sie es gegen den gleichen Artikel umtauschen m\u00fcssen, senden Sie uns eine E-Mail an {E-Mail-Adresse} und senden Sie Ihren Artikel an: {physische Adresse}.<\/p>\r\n<p>Geschenke<\/p>\r\n<p>Wenn der Artikel beim Kauf als Geschenk markiert und direkt an Sie versendet wurde, erhalten Sie eine Geschenkgutschrift \u00fcber den Wert Ihrer R\u00fccksendung. Sobald der zur\u00fcckgegebene Artikel eingegangen ist, wird Ihnen ein Geschenkgutschein zugesandt.<\/p>\r\n<p>Wenn der Artikel beim Kauf nicht als Geschenk markiert war oder der Schenkende die Bestellung an sich selbst versenden lie\u00df, um sie Ihnen sp\u00e4ter zu \u00fcberreichen, erstatten wir dem Schenkenden eine R\u00fcckerstattung und er wird von Ihrer R\u00fccksendung erfahren.<\/p>\r\n<p>Versandr\u00fccksendungen<\/p>\r\n<p>Um Ihr Produkt zur\u00fcckzusenden, sollten Sie es an folgende Adresse senden: {physische Adresse}.<\/p>\r\n<p>Sie sind f\u00fcr die Kosten der R\u00fccksendung Ihres Artikels selbst verantwortlich. Versandkosten sind nicht erstattungsf\u00e4hig. Wenn Sie eine R\u00fcckerstattung erhalten, werden die Kosten f\u00fcr den R\u00fcckversand von Ihrer R\u00fcckerstattung abgezogen.<\/p>\r\n<p>Je nachdem, wo Sie wohnen, kann es unterschiedlich lange dauern, bis Ihr umgetauschtes Produkt Sie erreicht.<\/p>\r\n<p>Wenn Sie teurere Artikel zur\u00fccksenden, k\u00f6nnen Sie die Nutzung eines verfolgbaren Versandservices oder den Abschluss einer Versandversicherung in Betracht ziehen. Wir garantieren nicht, dass wir Ihren zur\u00fcckgegebenen Artikel erhalten.<\/p>\r\n<p><strong>Brauchen Sie Hilfe?<\/strong><\/p>\r\n<p>Kontaktieren Sie uns unter info@cannabuben.de, wenn Sie Fragen zu R\u00fcckerstattungen und R\u00fccksendungen haben.<\/p>\r\n","protected":false},"excerpt":{"rendered":"<p>&nbsp; \u00dcberblick Unsere R\u00fcckerstattungs- und R\u00fcckgaberichtlinie gilt f\u00fcr 30 Tage. Wenn seit Ihrem Kauf 30 Tage vergangen sind, k\u00f6nnen wir Ihnen keine vollst\u00e4ndige R\u00fcckerstattung oder keinen Umtausch anbieten. Um Anspruch auf eine R\u00fcckgabe zu haben, muss Ihr Artikel unbenutzt und in demselben Zustand sein, in dem Sie ihn erhalten haben. Es muss au\u00dferdem in der &hellip; <\/p>\n<p class=\"link-more\"><a href=\"https:\/\/cannabuben-clothing.com\/index.php\/refund_returns\/\" class=\"more-link\">Read More <span class=\"screen-reader-text\"> &#8220;R\u00fcckerstattungs- und R\u00fcckgabebedingungen&#8221;<\/span><\/a><\/p>\n","protected":false},"author":1,"featured_media":0,"parent":0,"menu_order":0,"comment_status":"closed","ping_status":"closed","template":"","meta":{"inline_featured_image":false,"footnotes":""},"class_list":["post-16","page","type-page","status-publish","hentry"],"_links":{"self":[{"href":"https:\/\/cannabuben-clothing.com\/index.php\/wp-json\/wp\/v2\/pages\/16","targetHints":{"allow":["GET"]}}],"collection":[{"href":"https:\/\/cannabuben-clothing.com\/index.php\/wp-json\/wp\/v2\/pages"}],"about":[{"href":"https:\/\/cannabuben-clothing.com\/index.php\/wp-json\/wp\/v2\/types\/page"}],"author":[{"embeddable":true,"href":"https:\/\/cannabuben-clothing.com\/index.php\/wp-json\/wp\/v2\/users\/1"}],"replies":[{"embeddable":true,"href":"https:\/\/cannabuben-clothing.com\/index.php\/wp-json\/wp\/v2\/comments?post=16"}],"version-history":[{"count":2,"href":"https:\/\/cannabuben-clothing.com\/index.php\/wp-json\/wp\/v2\/pages\/16\/revisions"}],"predecessor-version":[{"id":7889,"href":"https:\/\/cannabuben-clothing.com\/index.php\/wp-json\/wp\/v2\/pages\/16\/revisions\/7889"}],"wp:attachment":[{"href":"https:\/\/cannabuben-clothing.com\/index.php\/wp-json\/wp\/v2\/media?parent=16"}],"curies":[{"name":"wp","href":"https:\/\/api.w.org\/{rel}","templated":true}]}}