{"id":7997,"date":"2024-03-25T00:53:21","date_gmt":"2024-03-25T00:53:21","guid":{"rendered":"https:\/\/cannabuben-clothing.com\/index.php\/product\/jointflix-aufkleber\/"},"modified":"2024-03-25T00:53:44","modified_gmt":"2024-03-25T00:53:44","slug":"jointflix-aufkleber","status":"publish","type":"product","link":"https:\/\/cannabuben-clothing.com\/index.php\/product\/jointflix-aufkleber\/","title":{"rendered":"Jointflix &#8211; Aufkleber"},"content":{"rendered":"<p>Diese Aufkleber sind auf lang haltbarem Vinyl mit hoher Deckkraft gedruckt und eignen sich daher perfekt f\u00fcr den regelm\u00e4\u00dfigen Gebrauch sowie zum Abdecken anderer Aufkleber oder Farben. Das hochwertige Vinyl sorgt daf\u00fcr, dass beim Anbringen der Aufkleber keine Blasen entstehen.<\/p>\n<p>\u2022 Hoch undurchsichtige Folie, durch die man nicht hindurchsehen kann<br \/>\n\u2022 Schnelles und einfaches blasenfreies Aufkleben<br \/>\n\u2022 Strapazierf\u00e4higes Vinyl<br \/>\n\u2022 95\u00b5 Dichte<\/p>\n<p>Vergiss nicht, die Oberfl\u00e4che vor dem Anbringen des Aufklebers zu reinigen.<\/p>\n","protected":false},"excerpt":{"rendered":"<p>Diese Aufkleber sind auf lang haltbarem Vinyl mit hoher Deckkraft gedruckt und eignen sich daher perfekt f\u00fcr den regelm\u00e4\u00dfigen Gebrauch sowie zum Abdecken anderer Aufkleber oder Farben. Das hochwertige Vinyl sorgt daf\u00fcr, dass beim Anbringen der Aufkleber keine Blasen entstehen. \u2022 Hoch undurchsichtige Folie, durch die man nicht hindurchsehen kann \u2022 Schnelles und einfaches blasenfreies &hellip; <\/p>\n<p class=\"link-more\"><a href=\"https:\/\/cannabuben-clothing.com\/index.php\/product\/jointflix-aufkleber\/\" class=\"more-link\">Read More <span class=\"screen-reader-text\"> &#8220;Jointflix &#8211; Aufkleber&#8221;<\/span><\/a><\/p>\n","protected":false},"featured_media":8001,"comment_status":"open","ping_status":"closed","template":"","meta":{"inline_featured_image":false},"product_cat":[78],"product_tag":[],"class_list":{"0":"post-7997","1":"product","2":"type-product","3":"status-publish","4":"has-post-thumbnail","6":"product_cat-accessories","8":"first","9":"instock","10":"taxable","11":"shipping-taxable","12":"purchasable","13":"product-type-variable"},"_links":{"self":[{"href":"https:\/\/cannabuben-clothing.com\/index.php\/wp-json\/wp\/v2\/product\/7997","targetHints":{"allow":["GET"]}}],"collection":[{"href":"https:\/\/cannabuben-clothing.com\/index.php\/wp-json\/wp\/v2\/product"}],"about":[{"href":"https:\/\/cannabuben-clothing.com\/index.php\/wp-json\/wp\/v2\/types\/product"}],"replies":[{"embeddable":true,"href":"https:\/\/cannabuben-clothing.com\/index.php\/wp-json\/wp\/v2\/comments?post=7997"}],"version-history":[{"count":1,"href":"https:\/\/cannabuben-clothing.com\/index.php\/wp-json\/wp\/v2\/product\/7997\/revisions"}],"predecessor-version":[{"id":8004,"href":"https:\/\/cannabuben-clothing.com\/index.php\/wp-json\/wp\/v2\/product\/7997\/revisions\/8004"}],"wp:featuredmedia":[{"embeddable":true,"href":"https:\/\/cannabuben-clothing.com\/index.php\/wp-json\/wp\/v2\/media\/8001"}],"wp:attachment":[{"href":"https:\/\/cannabuben-clothing.com\/index.php\/wp-json\/wp\/v2\/media?parent=7997"}],"wp:term":[{"taxonomy":"product_cat","embeddable":true,"href":"https:\/\/cannabuben-clothing.com\/index.php\/wp-json\/wp\/v2\/product_cat?post=7997"},{"taxonomy":"product_tag","embeddable":true,"href":"https:\/\/cannabuben-clothing.com\/index.php\/wp-json\/wp\/v2\/product_tag?post=7997"}],"curies":[{"name":"wp","href":"https:\/\/api.w.org\/{rel}","templated":true}]}}