{"id":8005,"date":"2024-03-25T00:54:55","date_gmt":"2024-03-25T00:54:55","guid":{"rendered":"https:\/\/cannabuben-clothing.com\/index.php\/product\/cannabuben-city-notizbuch\/"},"modified":"2024-03-25T00:55:09","modified_gmt":"2024-03-25T00:55:09","slug":"cannabuben-city-notizbuch","status":"publish","type":"product","link":"https:\/\/cannabuben-clothing.com\/index.php\/product\/cannabuben-city-notizbuch\/","title":{"rendered":"Cannabuben City &#8211; Notizbuch"},"content":{"rendered":"<p>Dieses Notizbuch wird deinen inneren Shakespeare wecken, ganz gleich, ob du ein Meisterwerk erschaffst oder die n\u00e4chste Idee ausheckst. Das Produkt verf\u00fcgt \u00fcber 80 linierte, cremefarbene Seiten, einen integrierten elastischen Verschluss und einen passenden Seitenmarker aus Band. In der erweiterbaren Innentasche k\u00f6nnen lose Notizen und Visitenkarten aufbewahrt werden, sodass du nie den \u00dcberblick \u00fcber wichtige Informationen verlierst.<\/p>\n<p>\u2022 Einbandmaterial: UltraHyde Hardcover-Papier<br \/>\n\u2022 Gr\u00f6\u00dfe: 13,97 cm \u00d7 21,59 cm (5,5&#8243; \u00d7 8,5&#8243;)<br \/>\n\u2022 Gewicht: 309 g (10,9 oz)<br \/>\n\u2022 80 Seiten liniertes, cremefarbenes Papier<br \/>\n\u2022 Elastischer Verschluss und Bandmarkierung<br \/>\n\u2022 Erweiterbare Innentasche<\/p>\n","protected":false},"excerpt":{"rendered":"<p>Dieses Notizbuch wird deinen inneren Shakespeare wecken, ganz gleich, ob du ein Meisterwerk erschaffst oder die n\u00e4chste Idee ausheckst. Das Produkt verf\u00fcgt \u00fcber 80 linierte, cremefarbene Seiten, einen integrierten elastischen Verschluss und einen passenden Seitenmarker aus Band. In der erweiterbaren Innentasche k\u00f6nnen lose Notizen und Visitenkarten aufbewahrt werden, sodass du nie den \u00dcberblick \u00fcber wichtige &hellip; <\/p>\n<p class=\"link-more\"><a href=\"https:\/\/cannabuben-clothing.com\/index.php\/product\/cannabuben-city-notizbuch\/\" class=\"more-link\">Read More <span class=\"screen-reader-text\"> &#8220;Cannabuben City &#8211; Notizbuch&#8221;<\/span><\/a><\/p>\n","protected":false},"featured_media":8006,"comment_status":"open","ping_status":"closed","template":"","meta":{"inline_featured_image":false},"product_cat":[78],"product_tag":[],"class_list":{"0":"post-8005","1":"product","2":"type-product","3":"status-publish","4":"has-post-thumbnail","6":"product_cat-accessories","8":"first","9":"instock","10":"taxable","11":"shipping-taxable","12":"purchasable","13":"product-type-simple"},"_links":{"self":[{"href":"https:\/\/cannabuben-clothing.com\/index.php\/wp-json\/wp\/v2\/product\/8005","targetHints":{"allow":["GET"]}}],"collection":[{"href":"https:\/\/cannabuben-clothing.com\/index.php\/wp-json\/wp\/v2\/product"}],"about":[{"href":"https:\/\/cannabuben-clothing.com\/index.php\/wp-json\/wp\/v2\/types\/product"}],"replies":[{"embeddable":true,"href":"https:\/\/cannabuben-clothing.com\/index.php\/wp-json\/wp\/v2\/comments?post=8005"}],"version-history":[{"count":1,"href":"https:\/\/cannabuben-clothing.com\/index.php\/wp-json\/wp\/v2\/product\/8005\/revisions"}],"predecessor-version":[{"id":8007,"href":"https:\/\/cannabuben-clothing.com\/index.php\/wp-json\/wp\/v2\/product\/8005\/revisions\/8007"}],"wp:featuredmedia":[{"embeddable":true,"href":"https:\/\/cannabuben-clothing.com\/index.php\/wp-json\/wp\/v2\/media\/8006"}],"wp:attachment":[{"href":"https:\/\/cannabuben-clothing.com\/index.php\/wp-json\/wp\/v2\/media?parent=8005"}],"wp:term":[{"taxonomy":"product_cat","embeddable":true,"href":"https:\/\/cannabuben-clothing.com\/index.php\/wp-json\/wp\/v2\/product_cat?post=8005"},{"taxonomy":"product_tag","embeddable":true,"href":"https:\/\/cannabuben-clothing.com\/index.php\/wp-json\/wp\/v2\/product_tag?post=8005"}],"curies":[{"name":"wp","href":"https:\/\/api.w.org\/{rel}","templated":true}]}}