{"id":8008,"date":"2024-03-25T00:59:47","date_gmt":"2024-03-25T00:59:47","guid":{"rendered":"https:\/\/cannabuben-clothing.com\/index.php\/product\/acab-reisebecher-mit-griff\/"},"modified":"2024-03-25T01:00:26","modified_gmt":"2024-03-25T01:00:26","slug":"acab-reisebecher-mit-griff","status":"publish","type":"product","link":"https:\/\/cannabuben-clothing.com\/index.php\/product\/acab-reisebecher-mit-griff\/","title":{"rendered":"ACAB &#8211; Reisebecher mit Griff"},"content":{"rendered":"<p>Trinken Sie stilvoll und bequem mit einem gehobenen Reisebecher.  Dank seines schlanken und robusten Designs ist dieser Trinkbecher ein idealer Begleiter f\u00fcr unterwegs. Er passt in die meisten Getr\u00e4nkehalter im Auto und hat einen auslaufsicheren Kunststoffdeckel. Ob auf dem Weg zur Arbeit oder auf dem Weg zu neuen Abenteuern &#8211; dieser Reisebecher bewahrt Ihr Getr\u00e4nk sicher und genau in der richtigen Temperatur auf.<\/p>\n<p>&#8211; Hergestellt aus rostfreiem Stahl und BPA-freiem Kunststoff  <br \/>\n&#8211; Fassungsverm\u00f6gen: 25 oz (739 ml)<br \/>\n&#8211; Oberer Durchmesser: 3,3\u2033 \u00d7 6,9\u2033 (8,4 \u00d7 20 cm)<br \/>\n&#8211; Unterer Durchmesser: 2,7\u2033 \u00d7 6,9\u2033 (7 \u00d7 20 cm)<br \/>\n&#8211; Nur Handw\u00e4sche<\/p>\n<p>Achtung! Um den Aufbau von Dampfdruck zu vermeiden, \u00f6ffne den Deckel, bevor du ihn auf ein hei\u00dfes Getr\u00e4nk setzt.<\/p>\n","protected":false},"excerpt":{"rendered":"<p>Trinken Sie stilvoll und bequem mit einem gehobenen Reisebecher. Dank seines schlanken und robusten Designs ist dieser Trinkbecher ein idealer Begleiter f\u00fcr unterwegs. Er passt in die meisten Getr\u00e4nkehalter im Auto und hat einen auslaufsicheren Kunststoffdeckel. Ob auf dem Weg zur Arbeit oder auf dem Weg zu neuen Abenteuern &#8211; dieser Reisebecher bewahrt Ihr Getr\u00e4nk &hellip; <\/p>\n<p class=\"link-more\"><a href=\"https:\/\/cannabuben-clothing.com\/index.php\/product\/acab-reisebecher-mit-griff\/\" class=\"more-link\">Read More <span class=\"screen-reader-text\"> &#8220;ACAB &#8211; Reisebecher mit Griff&#8221;<\/span><\/a><\/p>\n","protected":false},"featured_media":8009,"comment_status":"open","ping_status":"closed","template":"","meta":{"inline_featured_image":false},"product_cat":[78],"product_tag":[],"class_list":{"0":"post-8008","1":"product","2":"type-product","3":"status-publish","4":"has-post-thumbnail","6":"product_cat-accessories","8":"first","9":"instock","10":"taxable","11":"shipping-taxable","12":"purchasable","13":"product-type-simple"},"_links":{"self":[{"href":"https:\/\/cannabuben-clothing.com\/index.php\/wp-json\/wp\/v2\/product\/8008","targetHints":{"allow":["GET"]}}],"collection":[{"href":"https:\/\/cannabuben-clothing.com\/index.php\/wp-json\/wp\/v2\/product"}],"about":[{"href":"https:\/\/cannabuben-clothing.com\/index.php\/wp-json\/wp\/v2\/types\/product"}],"replies":[{"embeddable":true,"href":"https:\/\/cannabuben-clothing.com\/index.php\/wp-json\/wp\/v2\/comments?post=8008"}],"version-history":[{"count":1,"href":"https:\/\/cannabuben-clothing.com\/index.php\/wp-json\/wp\/v2\/product\/8008\/revisions"}],"predecessor-version":[{"id":8012,"href":"https:\/\/cannabuben-clothing.com\/index.php\/wp-json\/wp\/v2\/product\/8008\/revisions\/8012"}],"wp:featuredmedia":[{"embeddable":true,"href":"https:\/\/cannabuben-clothing.com\/index.php\/wp-json\/wp\/v2\/media\/8009"}],"wp:attachment":[{"href":"https:\/\/cannabuben-clothing.com\/index.php\/wp-json\/wp\/v2\/media?parent=8008"}],"wp:term":[{"taxonomy":"product_cat","embeddable":true,"href":"https:\/\/cannabuben-clothing.com\/index.php\/wp-json\/wp\/v2\/product_cat?post=8008"},{"taxonomy":"product_tag","embeddable":true,"href":"https:\/\/cannabuben-clothing.com\/index.php\/wp-json\/wp\/v2\/product_tag?post=8008"}],"curies":[{"name":"wp","href":"https:\/\/api.w.org\/{rel}","templated":true}]}}